{"id":3220,"date":"2025-06-30T12:27:27","date_gmt":"2025-06-30T10:27:27","guid":{"rendered":"https:\/\/www.amigosmgz.com\/?page_id=3220"},"modified":"2025-07-19T11:20:00","modified_gmt":"2025-07-19T09:20:00","slug":"publicidad","status":"publish","type":"page","link":"https:\/\/www.amigosmgz.com\/uk\/publicidad\/","title":{"rendered":"\u0420\u0435\u043a\u043b\u0430\u043c\u0430"},"content":{"rendered":"<div class=\"fusion-fullwidth fullwidth-box fusion-builder-row-1 fusion-flex-container nonhundred-percent-fullwidth non-hundred-percent-height-scrolling\" style=\"--awb-border-radius-top-left:0px;--awb-border-radius-top-right:0px;--awb-border-radius-bottom-right:0px;--awb-border-radius-bottom-left:0px;--awb-flex-wrap:wrap;\" ><div class=\"fusion-builder-row fusion-row fusion-flex-align-items-flex-start fusion-flex-content-wrap\" style=\"max-width:1302px;margin-left: calc(-5% \/ 2 );margin-right: calc(-5% \/ 2 );\"><div class=\"fusion-layout-column fusion_builder_column fusion-builder-column-0 fusion_builder_column_1_1 1_1 fusion-flex-column\" style=\"--awb-bg-size:cover;--awb-width-large:100%;--awb-margin-top-large:0px;--awb-spacing-right-large:2.375%;--awb-margin-bottom-large:0px;--awb-spacing-left-large:2.375%;--awb-width-medium:100%;--awb-spacing-right-medium:2.375%;--awb-spacing-left-medium:2.375%;--awb-width-small:100%;--awb-spacing-right-small:2.375%;--awb-spacing-left-small:2.375%;\"><div class=\"fusion-column-wrapper fusion-flex-justify-content-flex-start fusion-content-layout-column\"><div class=\"fusion-text fusion-text-1\"><h2><b>Amigos, la revista que une culturas<\/b><\/h2>\n<p><span style=\"font-weight: 400;\">Desde Amigos de Ucrania, damos un paso m\u00e1s en nuestro compromiso con la comunidad con el lanzamiento de \u00abAmigos\u00bb, una revista que celebra el v\u00ednculo entre Ucrania y Espa\u00f1a. Publicada en ucraniano y espa\u00f1ol, su objetivo es conectar, inspirar y acompa\u00f1ar a quienes han hecho de estas tierras su hogar, as\u00ed como a aquellos que desean conocer m\u00e1s sobre la riqueza cultural que nos une.<\/span><\/p>\n<p><span style=\"font-weight: 400;\">En cada n\u00famero, recorreremos los rincones m\u00e1s fascinantes de ambos pa\u00edses, exploraremos su gastronom\u00eda y descubriremos la fusi\u00f3n de sabores que se est\u00e1 gestando en restaurantes y hogares. Tambi\u00e9n daremos voz a los emprendedores ucranianos que han encontrado en Espa\u00f1a una oportunidad para crecer, compartiendo historias de esfuerzo y \u00e9xito.<\/span><\/p>\n<h2>Publicidad<\/h2>\n<p><span style=\"font-weight: 400;\">La revista \u201cAmigos\u201d tiene una media de 80 p\u00e1ginas a todo color, en formato A4 con papel couche, con portadas de 320g\/m2 se presenta en un formato de aut\u00e9ntico lujo, y estar\u00e1 a disposici\u00f3n de forma gratuita y limitada.<\/span><\/p>\n<ul>\n<li><span style=\"font-weight: 400;\">Tirada inicial de 1000 unidades trimestrales<\/span><\/li>\n<li><span style=\"font-weight: 400;\">M\u00e1s de 50 puntos de difusi\u00f3n a pie de calle en Alicante y Valencia<\/span><\/li>\n<li><span style=\"font-weight: 400;\">Revista \u00fanica en Alicante, \u00fanica en dos idiomas (espa\u00f1ol y ucraniano) a nivel nacional<\/span><\/li>\n<li><span style=\"font-weight: 400;\">M\u00e1xima difusi\u00f3n, tanto impresa como web<\/span><\/li>\n<\/ul>\n<h3><b>Espacios publicitarios <\/b><b>edici\u00f3n impresa<\/b><\/h3>\n<\/p>\n\n\t\t<style type=\"text\/css\">\n\t\t\t#gallery-1 {\n\t\t\t\tmargin: auto;\n\t\t\t}\n\t\t\t#gallery-1 .gallery-item {\n\t\t\t\tfloat: left;\n\t\t\t\tmargin-top: 10px;\n\t\t\t\ttext-align: center;\n\t\t\t\twidth: 25%;\n\t\t\t}\n\t\t\t#gallery-1 img {\n\t\t\t\tborder: 2px solid #cfcfcf;\n\t\t\t}\n\t\t\t#gallery-1 .gallery-caption {\n\t\t\t\tmargin-left: 0;\n\t\t\t}\n\t\t\t\/* see gallery_shortcode() in wp-includes\/media.php *\/\n\t\t<\/style>\n\t\t<div id='gallery-1' class='gallery galleryid-3220 gallery-columns-4 gallery-size-thumbnail'><dl class='gallery-item'>\n\t\t\t<dt class='gallery-icon portrait'>\n\t\t\t\t<a data-rel=\"iLightbox[postimages]\" data-title=\"pagina\" data-caption=\"1 P\u00e1gina\" href='https:\/\/www.amigosmgz.com\/wp-content\/uploads\/2025\/06\/pagina.jpg'><img decoding=\"async\" width=\"638\" height=\"800\" src=\"data:image\/svg+xml,%3Csvg%20xmlns%3D%27http%3A%2F%2Fwww.w3.org%2F2000%2Fsvg%27%20width%3D%27638%27%20height%3D%27904%27%20viewBox%3D%270%200%20638%20904%27%3E%3Crect%20width%3D%27638%27%20height%3D%27904%27%20fill-opacity%3D%220%22%2F%3E%3C%2Fsvg%3E\" class=\"attachment-thumbnail size-thumbnail lazyload\" alt=\"\" aria-describedby=\"gallery-1-3223\" data-orig-src=\"https:\/\/www.amigosmgz.com\/wp-content\/uploads\/2025\/06\/pagina-638x800.jpg\" \/><\/a>\n\t\t\t<\/dt>\n\t\t\t\t<dd class='wp-caption-text gallery-caption' id='gallery-1-3223'>\n\t\t\t\t1 P\u00e1gina\n\t\t\t\t<\/dd><\/dl><dl class='gallery-item'>\n\t\t\t<dt class='gallery-icon portrait'>\n\t\t\t\t<a data-rel=\"iLightbox[postimages]\" data-title=\"media-pagina\" data-caption=\"1\/2 P\u00e1gina H\" href='https:\/\/www.amigosmgz.com\/wp-content\/uploads\/2025\/06\/media-pagina.jpg'><img decoding=\"async\" width=\"638\" height=\"800\" src=\"data:image\/svg+xml,%3Csvg%20xmlns%3D%27http%3A%2F%2Fwww.w3.org%2F2000%2Fsvg%27%20width%3D%27638%27%20height%3D%27904%27%20viewBox%3D%270%200%20638%20904%27%3E%3Crect%20width%3D%27638%27%20height%3D%27904%27%20fill-opacity%3D%220%22%2F%3E%3C%2Fsvg%3E\" class=\"attachment-thumbnail size-thumbnail lazyload\" alt=\"\" aria-describedby=\"gallery-1-3225\" data-orig-src=\"https:\/\/www.amigosmgz.com\/wp-content\/uploads\/2025\/06\/media-pagina-638x800.jpg\" \/><\/a>\n\t\t\t<\/dt>\n\t\t\t\t<dd class='wp-caption-text gallery-caption' id='gallery-1-3225'>\n\t\t\t\t1\/2 P\u00e1gina H\n\t\t\t\t<\/dd><\/dl><dl class='gallery-item'>\n\t\t\t<dt class='gallery-icon portrait'>\n\t\t\t\t<a data-rel=\"iLightbox[postimages]\" data-title=\"media-pagina vertical\" data-caption=\"1\/2 P\u00e1gina V\" href='https:\/\/www.amigosmgz.com\/wp-content\/uploads\/2025\/06\/media-pagina-vertical.jpg'><img decoding=\"async\" width=\"638\" height=\"800\" src=\"data:image\/svg+xml,%3Csvg%20xmlns%3D%27http%3A%2F%2Fwww.w3.org%2F2000%2Fsvg%27%20width%3D%27638%27%20height%3D%27904%27%20viewBox%3D%270%200%20638%20904%27%3E%3Crect%20width%3D%27638%27%20height%3D%27904%27%20fill-opacity%3D%220%22%2F%3E%3C%2Fsvg%3E\" class=\"attachment-thumbnail size-thumbnail lazyload\" alt=\"\" aria-describedby=\"gallery-1-3226\" data-orig-src=\"https:\/\/www.amigosmgz.com\/wp-content\/uploads\/2025\/06\/media-pagina-vertical-638x800.jpg\" \/><\/a>\n\t\t\t<\/dt>\n\t\t\t\t<dd class='wp-caption-text gallery-caption' id='gallery-1-3226'>\n\t\t\t\t1\/2 P\u00e1gina V\n\t\t\t\t<\/dd><\/dl><dl class='gallery-item'>\n\t\t\t<dt class='gallery-icon portrait'>\n\t\t\t\t<a data-rel=\"iLightbox[postimages]\" data-title=\"tercio pagina\" data-caption=\"1\/3 P\u00e1gina\" href='https:\/\/www.amigosmgz.com\/wp-content\/uploads\/2025\/06\/tercio-pagina.jpg'><img decoding=\"async\" width=\"638\" height=\"800\" src=\"data:image\/svg+xml,%3Csvg%20xmlns%3D%27http%3A%2F%2Fwww.w3.org%2F2000%2Fsvg%27%20width%3D%27638%27%20height%3D%27904%27%20viewBox%3D%270%200%20638%20904%27%3E%3Crect%20width%3D%27638%27%20height%3D%27904%27%20fill-opacity%3D%220%22%2F%3E%3C%2Fsvg%3E\" class=\"attachment-thumbnail size-thumbnail lazyload\" alt=\"\" aria-describedby=\"gallery-1-3221\" data-orig-src=\"https:\/\/www.amigosmgz.com\/wp-content\/uploads\/2025\/06\/tercio-pagina-638x800.jpg\" \/><\/a>\n\t\t\t<\/dt>\n\t\t\t\t<dd class='wp-caption-text gallery-caption' id='gallery-1-3221'>\n\t\t\t\t1\/3 P\u00e1gina\n\t\t\t\t<\/dd><\/dl><br style=\"clear: both\" \/><dl class='gallery-item'>\n\t\t\t<dt class='gallery-icon portrait'>\n\t\t\t\t<a data-rel=\"iLightbox[postimages]\" data-title=\"cuarto pagina\" data-caption=\"1\/4 P\u00e1gina\" href='https:\/\/www.amigosmgz.com\/wp-content\/uploads\/2025\/06\/cuarto-pagina.jpg'><img decoding=\"async\" width=\"638\" height=\"800\" src=\"data:image\/svg+xml,%3Csvg%20xmlns%3D%27http%3A%2F%2Fwww.w3.org%2F2000%2Fsvg%27%20width%3D%27638%27%20height%3D%27904%27%20viewBox%3D%270%200%20638%20904%27%3E%3Crect%20width%3D%27638%27%20height%3D%27904%27%20fill-opacity%3D%220%22%2F%3E%3C%2Fsvg%3E\" class=\"attachment-thumbnail size-thumbnail lazyload\" alt=\"\" aria-describedby=\"gallery-1-3231\" data-orig-src=\"https:\/\/www.amigosmgz.com\/wp-content\/uploads\/2025\/06\/cuarto-pagina-638x800.jpg\" \/><\/a>\n\t\t\t<\/dt>\n\t\t\t\t<dd class='wp-caption-text gallery-caption' id='gallery-1-3231'>\n\t\t\t\t1\/4 P\u00e1gina\n\t\t\t\t<\/dd><\/dl><dl class='gallery-item'>\n\t\t\t<dt class='gallery-icon portrait'>\n\t\t\t\t<a data-rel=\"iLightbox[postimages]\" data-title=\"sexto pagina\" data-caption=\"1\/6 P\u00e1gina\" href='https:\/\/www.amigosmgz.com\/wp-content\/uploads\/2025\/06\/sexto-pagina.jpg'><img decoding=\"async\" width=\"638\" height=\"800\" src=\"data:image\/svg+xml,%3Csvg%20xmlns%3D%27http%3A%2F%2Fwww.w3.org%2F2000%2Fsvg%27%20width%3D%27638%27%20height%3D%27904%27%20viewBox%3D%270%200%20638%20904%27%3E%3Crect%20width%3D%27638%27%20height%3D%27904%27%20fill-opacity%3D%220%22%2F%3E%3C%2Fsvg%3E\" class=\"attachment-thumbnail size-thumbnail lazyload\" alt=\"\" aria-describedby=\"gallery-1-3222\" data-orig-src=\"https:\/\/www.amigosmgz.com\/wp-content\/uploads\/2025\/06\/sexto-pagina-638x800.jpg\" \/><\/a>\n\t\t\t<\/dt>\n\t\t\t\t<dd class='wp-caption-text gallery-caption' id='gallery-1-3222'>\n\t\t\t\t1\/6 P\u00e1gina\n\t\t\t\t<\/dd><\/dl><dl class='gallery-item'>\n\t\t\t<dt class='gallery-icon portrait'>\n\t\t\t\t<a data-rel=\"iLightbox[postimages]\" data-title=\"octabo pagina\" data-caption=\"1\/8 P\u00e1gina\" href='https:\/\/www.amigosmgz.com\/wp-content\/uploads\/2025\/06\/octabo-pagina.jpg'><img decoding=\"async\" width=\"638\" height=\"800\" src=\"data:image\/svg+xml,%3Csvg%20xmlns%3D%27http%3A%2F%2Fwww.w3.org%2F2000%2Fsvg%27%20width%3D%27638%27%20height%3D%27904%27%20viewBox%3D%270%200%20638%20904%27%3E%3Crect%20width%3D%27638%27%20height%3D%27904%27%20fill-opacity%3D%220%22%2F%3E%3C%2Fsvg%3E\" class=\"attachment-thumbnail size-thumbnail lazyload\" alt=\"\" aria-describedby=\"gallery-1-3224\" data-orig-src=\"https:\/\/www.amigosmgz.com\/wp-content\/uploads\/2025\/06\/octabo-pagina-638x800.jpg\" \/><\/a>\n\t\t\t<\/dt>\n\t\t\t\t<dd class='wp-caption-text gallery-caption' id='gallery-1-3224'>\n\t\t\t\t1\/8 P\u00e1gina\n\t\t\t\t<\/dd><\/dl><dl class='gallery-item'>\n\t\t\t<dt class='gallery-icon portrait'>\n\t\t\t\t<a data-rel=\"iLightbox[postimages]\" data-title=\"decino pagina\" data-caption=\"1\/10 P\u00e1gina\" href='https:\/\/www.amigosmgz.com\/wp-content\/uploads\/2025\/06\/decino-pagina.jpg'><img decoding=\"async\" width=\"638\" height=\"800\" src=\"data:image\/svg+xml,%3Csvg%20xmlns%3D%27http%3A%2F%2Fwww.w3.org%2F2000%2Fsvg%27%20width%3D%27638%27%20height%3D%27904%27%20viewBox%3D%270%200%20638%20904%27%3E%3Crect%20width%3D%27638%27%20height%3D%27904%27%20fill-opacity%3D%220%22%2F%3E%3C%2Fsvg%3E\" class=\"attachment-thumbnail size-thumbnail lazyload\" alt=\"\" aria-describedby=\"gallery-1-3230\" data-orig-src=\"https:\/\/www.amigosmgz.com\/wp-content\/uploads\/2025\/06\/decino-pagina-638x800.jpg\" \/><\/a>\n\t\t\t<\/dt>\n\t\t\t\t<dd class='wp-caption-text gallery-caption' id='gallery-1-3230'>\n\t\t\t\t1\/10 P\u00e1gina\n\t\t\t\t<\/dd><\/dl><br style=\"clear: both\" \/><dl class='gallery-item'>\n\t\t\t<dt class='gallery-icon portrait'>\n\t\t\t\t<a data-rel=\"iLightbox[postimages]\" data-title=\"doceavo pagina\" data-caption=\"1\/12 P\u00e1gina\" href='https:\/\/www.amigosmgz.com\/wp-content\/uploads\/2025\/06\/doceavo-pagina.jpg'><img decoding=\"async\" width=\"638\" height=\"800\" src=\"data:image\/svg+xml,%3Csvg%20xmlns%3D%27http%3A%2F%2Fwww.w3.org%2F2000%2Fsvg%27%20width%3D%27638%27%20height%3D%27904%27%20viewBox%3D%270%200%20638%20904%27%3E%3Crect%20width%3D%27638%27%20height%3D%27904%27%20fill-opacity%3D%220%22%2F%3E%3C%2Fsvg%3E\" class=\"attachment-thumbnail size-thumbnail lazyload\" alt=\"\" aria-describedby=\"gallery-1-3227\" data-orig-src=\"https:\/\/www.amigosmgz.com\/wp-content\/uploads\/2025\/06\/doceavo-pagina-638x800.jpg\" \/><\/a>\n\t\t\t<\/dt>\n\t\t\t\t<dd class='wp-caption-text gallery-caption' id='gallery-1-3227'>\n\t\t\t\t1\/12 P\u00e1gina\n\t\t\t\t<\/dd><\/dl><dl class='gallery-item'>\n\t\t\t<dt class='gallery-icon portrait'>\n\t\t\t\t<a data-rel=\"iLightbox[postimages]\" data-title=\"dieciseisavo pagina\" data-caption=\"1\/16 P\u00e1gina\" href='https:\/\/www.amigosmgz.com\/wp-content\/uploads\/2025\/06\/dieciseisavo-pagina.jpg'><img decoding=\"async\" width=\"638\" height=\"800\" src=\"data:image\/svg+xml,%3Csvg%20xmlns%3D%27http%3A%2F%2Fwww.w3.org%2F2000%2Fsvg%27%20width%3D%27638%27%20height%3D%27904%27%20viewBox%3D%270%200%20638%20904%27%3E%3Crect%20width%3D%27638%27%20height%3D%27904%27%20fill-opacity%3D%220%22%2F%3E%3C%2Fsvg%3E\" class=\"attachment-thumbnail size-thumbnail lazyload\" alt=\"\" aria-describedby=\"gallery-1-3229\" data-orig-src=\"https:\/\/www.amigosmgz.com\/wp-content\/uploads\/2025\/06\/dieciseisavo-pagina-638x800.jpg\" \/><\/a>\n\t\t\t<\/dt>\n\t\t\t\t<dd class='wp-caption-text gallery-caption' id='gallery-1-3229'>\n\t\t\t\t1\/16 P\u00e1gina\n\t\t\t\t<\/dd><\/dl><dl class='gallery-item'>\n\t\t\t<dt class='gallery-icon portrait'>\n\t\t\t\t<a data-rel=\"iLightbox[postimages]\" data-title=\"1\/24 P\u00e1gina\" data-caption=\"1\/24 P\u00e1gina\" href='https:\/\/www.amigosmgz.com\/wp-content\/uploads\/2025\/07\/1-24.jpg'><img decoding=\"async\" width=\"638\" height=\"800\" src=\"data:image\/svg+xml,%3Csvg%20xmlns%3D%27http%3A%2F%2Fwww.w3.org%2F2000%2Fsvg%27%20width%3D%27638%27%20height%3D%27904%27%20viewBox%3D%270%200%20638%20904%27%3E%3Crect%20width%3D%27638%27%20height%3D%27904%27%20fill-opacity%3D%220%22%2F%3E%3C%2Fsvg%3E\" class=\"attachment-thumbnail size-thumbnail lazyload\" alt=\"\" aria-describedby=\"gallery-1-3238\" data-orig-src=\"https:\/\/www.amigosmgz.com\/wp-content\/uploads\/2025\/07\/1-24-638x800.jpg\" \/><\/a>\n\t\t\t<\/dt>\n\t\t\t\t<dd class='wp-caption-text gallery-caption' id='gallery-1-3238'>\n\t\t\t\t1\/24 P\u00e1gina\n\t\t\t\t<\/dd><\/dl>\n\t\t\t<br style='clear: both' \/>\n\t\t<\/div>\n\n<h3>Precios contraportadas<\/h3>\n<ul>\n<li style=\"font-weight: 400;\" aria-level=\"1\"><span style=\"font-weight: 400;\">Contraportada = 500\u20ac + IVA<\/span><\/li>\n<li style=\"font-weight: 400;\" aria-level=\"1\"><span style=\"font-weight: 400;\">\u00bd Contraportada  = 329\u20ac + IVA<\/span><\/li>\n<li style=\"font-weight: 400;\" aria-level=\"1\"><span style=\"font-weight: 400;\">Contraportada interior = 400\u20ac + IVA<\/span><\/li>\n<li style=\"font-weight: 400;\" aria-level=\"1\"><span style=\"font-weight: 400;\">\u00bd Contraportada interior = 229\u20ac + IVA<\/span><\/li>\n<\/ul>\n<h3>Precios paginas interiores<\/h3>\n<ul>\n<li><span style=\"font-weight: 400;\">1 P\u00e1gina = 199\u20ac + IVA<\/span><\/li>\n<li aria-level=\"1\"><span style=\"font-weight: 400;\">\u00bd P\u00e1gina = 133\u20ac + IVA<\/span><\/li>\n<li aria-level=\"1\">1\/3 P\u00e1gina = 70\u20ac <span style=\"font-weight: 400;\">+ IVA<\/span><\/li>\n<li>1\/4 P\u00e1gina = 68\u20ac <span style=\"font-weight: 400;\">+ IVA<\/span><\/li>\n<li aria-level=\"1\">1\/6 P\u00e1gina = 65\u20ac <span style=\"font-weight: 400;\">+ IVA<\/span><\/li>\n<li aria-level=\"1\">1\/8 P\u00e1gina = 62\u20ac <span style=\"font-weight: 400;\">+ IVA<\/span><\/li>\n<li aria-level=\"1\">1\/10 P\u00e1gina = 60\u20ac <span style=\"font-weight: 400;\">+ IVA<\/span><\/li>\n<li aria-level=\"1\">1\/12 P\u00e1gina = 58\u20ac <span style=\"font-weight: 400;\">+ IVA<\/span><\/li>\n<li aria-level=\"1\">1\/16 P\u00e1gina = 56\u20ac <span style=\"font-weight: 400;\">+ IVA<\/span><\/li>\n<li aria-level=\"1\">1\/24 P\u00e1gina = 40\u20ac <span style=\"font-weight: 400;\">+ IVA<\/span><\/li>\n<\/ul>\n<h3>Reportajes y gu\u00edas comerciales<\/h3>\n<ul>\n<li style=\"font-weight: 400;\" aria-level=\"1\"><span style=\"font-weight: 400;\">Reportaje patrocinado = 2 p\u00e1ginas 360\u20ac + IVA | p\u00e1gina adicional = 150\u20ac + IVA<\/span><\/li>\n<\/ul>\n<p><i><span style=\"font-weight: 400;\">* Precios sin iva<\/span><\/i><i><span style=\"font-weight: 400;\"><br \/>\n<\/span><\/i><i><span style=\"font-weight: 400;\">* En todos los casos el cliente ha de aportar la creatividad en calidad de impresi\u00f3n.<\/span><\/i><\/p>\n<p><i><span style=\"font-weight: 400;\">Contrataci\u00f3n: <a href=\"mailto:carlo@inesby.com\" target=\"_blank\" rel=\"noopener noreferrer\">carlo@inesby.com<\/a><\/span><\/i><\/p>\n<\/div><\/div><\/div><\/div><\/div>\n","protected":false},"excerpt":{"rendered":"","protected":false},"author":1,"featured_media":0,"parent":0,"menu_order":0,"comment_status":"closed","ping_status":"closed","template":"","meta":{"footnotes":""},"class_list":["post-3220","page","type-page","status-publish","hentry"],"aioseo_notices":[],"_links":{"self":[{"href":"https:\/\/www.amigosmgz.com\/uk\/wp-json\/wp\/v2\/pages\/3220","targetHints":{"allow":["GET"]}}],"collection":[{"href":"https:\/\/www.amigosmgz.com\/uk\/wp-json\/wp\/v2\/pages"}],"about":[{"href":"https:\/\/www.amigosmgz.com\/uk\/wp-json\/wp\/v2\/types\/page"}],"author":[{"embeddable":true,"href":"https:\/\/www.amigosmgz.com\/uk\/wp-json\/wp\/v2\/users\/1"}],"replies":[{"embeddable":true,"href":"https:\/\/www.amigosmgz.com\/uk\/wp-json\/wp\/v2\/comments?post=3220"}],"version-history":[{"count":7,"href":"https:\/\/www.amigosmgz.com\/uk\/wp-json\/wp\/v2\/pages\/3220\/revisions"}],"predecessor-version":[{"id":3247,"href":"https:\/\/www.amigosmgz.com\/uk\/wp-json\/wp\/v2\/pages\/3220\/revisions\/3247"}],"wp:attachment":[{"href":"https:\/\/www.amigosmgz.com\/uk\/wp-json\/wp\/v2\/media?parent=3220"}],"curies":[{"name":"wp","href":"https:\/\/api.w.org\/{rel}","templated":true}]}}