{"id":3770,"date":"2025-08-05T20:59:07","date_gmt":"2025-08-05T18:59:07","guid":{"rendered":"https:\/\/www.amigosmgz.com\/?page_id=3770"},"modified":"2025-08-05T21:07:54","modified_gmt":"2025-08-05T19:07:54","slug":"enviar-noticia","status":"publish","type":"page","link":"https:\/\/www.amigosmgz.com\/es\/enviar-noticia\/","title":{"rendered":"Enviar Noticia"},"content":{"rendered":"<h3 style=\"text-align: center;\">\u00a1Comparte tu voz con nuestra comunidad!<\/h3>\n<p>\u00bfTienes una historia, un consejo o una noticia que crees que nuestra comunidad amar\u00eda? \u00a1Te invitamos a ser parte de nuestro blog!<\/p>\n<p>Creemos firmemente en el poder de las voces diversas. Por eso, hemos habilitado esta secci\u00f3n para que puedas compartir tu conocimiento y creatividad con miles de lectores.<\/p>\n<p><b>Para que tu publicaci\u00f3n sea un \u00e9xito y pueda ser aprobada r\u00e1pidamente, ten en cuenta estas sencillas reglas:<\/b><\/p>\n<ul>\n<li><b>S\u00e9 respetuoso:<\/b> Fomentamos un ambiente de respeto y positividad. Por favor, aseg\u00farate de que tu texto sea amable y constructivo. Los comentarios de odio o los ataques personales no ser\u00e1n publicados.<\/li>\n<li><b>Acredita tus fuentes:<\/b> Si en tu art\u00edculo incluyes informaci\u00f3n, datos o frases de otros autores, es fundamental que indiques la fuente. Esto no solo es una cuesti\u00f3n de \u00e9tica, sino que tambi\u00e9n enriquece tu contenido y le da credibilidad.<\/li>\n<li><b>A\u00f1ade una imagen:<\/b> Cada gran historia merece una imagen que la acompa\u00f1e. Por favor, incluye al menos una imagen de <b>800 x 800 p\u00edxeles<\/b> o superior. Aseg\u00farate de que sea una imagen tuya o que tengas permiso para usarla.<\/li>\n<\/ul>\n<p>Una vez que env\u00edes tu post, nuestro equipo lo revisar\u00e1. Si todo est\u00e1 en orden, lo publicaremos para que todos lo disfruten.<\/p>\n<p>\u00a1Esperamos con ansias leer tus ideas!<\/p>\n<p>&nbsp;<\/p>\n<p style=\"text-align: center;\">\n<!-- User Submitted Posts @ https:\/\/m0n.co\/usp -->\n\n<div id=\"user-submitted-posts\">\n\t\t\n\t<form id=\"usp_form\" method=\"post\" enctype=\"multipart\/form-data\" action=\"\">\n\t\t<div id=\"usp-error-message\" class=\"usp-callout-failure usp-hidden\">Por favor, complete los campos obligatorios.<\/div>\n\t\t\t\t\n\t\t<fieldset class=\"usp-name\">\n\t\t\t<label for=\"user-submitted-name\">Su nombre<\/label>\n\t\t\t<input id=\"user-submitted-name\" name=\"user-submitted-name\" type=\"text\" value=\"\" placeholder=\"Su nombre\" data-required=\"true\" required class=\"usp-input\">\n\t\t<\/fieldset>\n\t\t\t\t\n\t\t<fieldset class=\"usp-email\">\n\t\t\t<label for=\"user-submitted-email\">Tu correo electr\u00f3nico<\/label>\n\t\t\t<input id=\"user-submitted-email\" name=\"user-submitted-email\" type=\"email\" data-parsley-type=\"email\" value=\"\" placeholder=\"Tu correo electr\u00f3nico\" data-required=\"true\" required class=\"usp-input\">\n\t\t<\/fieldset>\n\t\t\t\t\n\t\t<fieldset class=\"usp-url\">\n\t\t\t<label for=\"user-submitted-url\">Tu URL<\/label>\n\t\t\t<input id=\"user-submitted-url\" name=\"user-submitted-url\" type=\"url\" data-parsley-type=\"url\" value=\"\" placeholder=\"Tu URL\" class=\"usp-input\">\n\t\t<\/fieldset>\n\t\t\t\t\n\t\t<fieldset class=\"usp-title\">\n\t\t\t<label for=\"user-submitted-title\">T\u00edtulo de la publicaci\u00f3n<\/label>\n\t\t\t<input id=\"user-submitted-title\" name=\"user-submitted-title\" type=\"text\" value=\"\" placeholder=\"T\u00edtulo de la publicaci\u00f3n\" data-required=\"true\" required class=\"usp-input\">\n\t\t<\/fieldset>\n\t\t\t\t\t\t\n\t\t<fieldset class=\"usp-tags\">\n\t\t\t<label for=\"user-submitted-tags\">Etiquetas de publicaci\u00f3n<\/label>\n\t\t\t<input id=\"user-submitted-tags\" name=\"user-submitted-tags\" type=\"text\" value=\"\" placeholder=\"Etiquetas de publicaci\u00f3n\" data-required=\"true\" required class=\"usp-input\">\n\t\t<\/fieldset>\n\t\t\t\t\t\t\n\t\t<fieldset class=\"usp-captcha\">\n\t\t\t<label for=\"user-submitted-captcha\">9 + 2 =<\/label>\n\t\t\t<input id=\"user-submitted-captcha\" name=\"user-submitted-captcha\" type=\"text\" value=\"\" placeholder=\"Pregunta antispam\" data-required=\"true\" required class=\"usp-input user-submitted-captcha\" data-parsley-excluded=\"true\">\n\t\t<\/fieldset>\n\t\t\t\t\n\t\t<fieldset class=\"usp-category\">\n\t\t\t<label for=\"user-submitted-category\">Categor\u00eda de publicaci\u00f3n<\/label>\n\t\t\t<select id=\"user-submitted-category\" data-required=\"true\" required class=\"usp-select\" name=\"user-submitted-category[]\">\n\t\t\t\t<option value=\"\" selected=\"true\" disabled>Por favor seleccione una categor\u00eda.<\/option>\n\t\t\t\t<option value=\"1\">Noticias<\/option>\t\t\t<\/select>\n\t\t<\/fieldset>\n\t\t\t\t\n\t\t<fieldset class=\"usp-content\">\n\t\t\t\t\t\t\n\t\t\t<div class=\"usp_text-editor\">\n\t\t\t<div id=\"wp-uspcontent-wrap\" class=\"wp-core-ui wp-editor-wrap tmce-active\"><link rel='stylesheet' id='dashicons-css' href='https:\/\/www.amigosmgz.com\/wp-includes\/css\/dashicons.min.css' type='text\/css' media='all' \/>\n<link rel='stylesheet' id='editor-buttons-css' href='https:\/\/www.amigosmgz.com\/wp-includes\/css\/editor.min.css' type='text\/css' media='all' \/>\n<div id=\"wp-uspcontent-editor-tools\" class=\"wp-editor-tools hide-if-no-js\"><div class=\"wp-editor-tabs\"><button type=\"button\" id=\"uspcontent-tmce\" aria-pressed=\"true\" class=\"wp-switch-editor switch-tmce\" data-wp-editor-id=\"uspcontent\">Visual<\/button>\n<button type=\"button\" id=\"uspcontent-html\" class=\"wp-switch-editor switch-html\" data-wp-editor-id=\"uspcontent\">C\u00f3digo<\/button>\n<\/div>\n<\/div>\n<div id=\"wp-uspcontent-editor-container\" class=\"wp-editor-container\"><div id=\"qt_uspcontent_toolbar\" class=\"quicktags-toolbar hide-if-no-js\"><\/div><textarea class=\"usp-rich-textarea wp-editor-area\" rows=\"10\" autocomplete=\"off\" cols=\"40\" name=\"user-submitted-content\" id=\"uspcontent\"><\/textarea><\/div>\n<\/div>\n\n\t\t\t\t\n\t\t\t<\/div>\n\t\t\t\t\t\t\n\t\t<\/fieldset>\n\t\t\t\t\t\t\n\t\t<fieldset class=\"usp-images\">\n\t\t\t<label for=\"user-submitted-image\">Subir una imagen<\/label>\n\t\t\t<div id=\"usp-upload-message\">Seleccione la(s) imagen(es) que desea cargar.<\/div>\n\t\t\t<div id=\"user-submitted-image\">\n\t\t\t\t\t\t\t\t\t\t\t\t\t\n\t\t\t\t<input name=\"user-submitted-image[]\" type=\"file\" size=\"25\" data-required=\"true\" required class=\"usp-input usp-clone\" accept=\"image\/*\">\n\t\t\t\t\t\t\t\t<a href=\"#\" id=\"usp_add-another\" class=\"usp-no-js\">A\u00f1adir otra imagen<\/a>\t\t\t\t\t\t\t\n\t\t\t<\/div>\n\t\t\t<input type=\"hidden\" class=\"usp-hidden\" id=\"usp-min-images\" name=\"usp-min-images\" value=\"1\">\n\t\t\t<input type=\"hidden\" class=\"usp-hidden\" id=\"usp-max-images\" name=\"usp-max-images\" value=\"2\">\n\t\t<\/fieldset>\n\t\t\t\t\t\t\n\t\t<fieldset id=\"usp_verify\" style=\"display:none;\">\n\t\t\t<label for=\"user-submitted-verify\">Verificaci\u00f3n humana: deja este campo vac\u00edo.<\/label>\n\t\t\t<input id=\"user-submitted-verify\" name=\"user-submitted-verify\" type=\"text\" value=\"\" data-parsley-excluded=\"true\">\n\t\t<\/fieldset>\n\t\t\n\t\t<fieldset class=\"usp-checkbox\"><input id=\"user-submitted-checkbox\" name=\"usp_custom_checkbox\" type=\"checkbox\" value=\"\" data-required=\"true\" required> <label for=\"user-submitted-checkbox\">He indicado si el contenido del post es de otra fuente, y he le\u00eddo y acepto la pol\u00edtica de privacidad.<\/label><\/fieldset>\t\t\n\t\t<div id=\"usp-submit\">\n\t\t\t\t\t\t\t\t\t\t\t\t\t\t\t\t\t\t\n\t\t\t<input type=\"submit\" class=\"usp-submit\" id=\"user-submitted-post\" name=\"user-submitted-post\" value=\"Enviar publicaci\u00f3n\">\n\t\t\t<input type=\"hidden\" id=\"usp-nonce\" name=\"usp-nonce\" value=\"2424e5a43f\" \/>\t\t\t\n\t\t<\/div>\n\t\t\n\t<\/form>\n<\/div>\n<script>(function(){var e = document.getElementById('usp_verify'); if(e) e.parentNode.removeChild(e);})();<\/script>\n\n\n","protected":false},"excerpt":{"rendered":"<p>\u00a1Comparte tu voz con nuestra comunidad! \u00bfTienes una historia, un consejo o una noticia que crees que nuestra comunidad amar\u00eda? \u00a1Te invitamos a ser parte  [&#8230;]<\/p>\n","protected":false},"author":1,"featured_media":0,"parent":0,"menu_order":0,"comment_status":"closed","ping_status":"closed","template":"","meta":{"footnotes":""},"class_list":["post-3770","page","type-page","status-publish","hentry"],"aioseo_notices":[],"_links":{"self":[{"href":"https:\/\/www.amigosmgz.com\/es\/wp-json\/wp\/v2\/pages\/3770","targetHints":{"allow":["GET"]}}],"collection":[{"href":"https:\/\/www.amigosmgz.com\/es\/wp-json\/wp\/v2\/pages"}],"about":[{"href":"https:\/\/www.amigosmgz.com\/es\/wp-json\/wp\/v2\/types\/page"}],"author":[{"embeddable":true,"href":"https:\/\/www.amigosmgz.com\/es\/wp-json\/wp\/v2\/users\/1"}],"replies":[{"embeddable":true,"href":"https:\/\/www.amigosmgz.com\/es\/wp-json\/wp\/v2\/comments?post=3770"}],"version-history":[{"count":4,"href":"https:\/\/www.amigosmgz.com\/es\/wp-json\/wp\/v2\/pages\/3770\/revisions"}],"predecessor-version":[{"id":3774,"href":"https:\/\/www.amigosmgz.com\/es\/wp-json\/wp\/v2\/pages\/3770\/revisions\/3774"}],"wp:attachment":[{"href":"https:\/\/www.amigosmgz.com\/es\/wp-json\/wp\/v2\/media?parent=3770"}],"curies":[{"name":"wp","href":"https:\/\/api.w.org\/{rel}","templated":true}]}}